{"id":1418,"date":"2016-06-26T07:30:01","date_gmt":"2016-06-26T07:30:01","guid":{"rendered":"http:\/\/www.rabenschule.de\/?page_id=1418"},"modified":"2025-03-08T14:04:15","modified_gmt":"2025-03-08T13:04:15","slug":"home","status":"publish","type":"page","link":"https:\/\/www.rabenschule.de\/","title":{"rendered":"Home"},"content":{"rendered":"<p>[et_pb_section fb_built=&#8220;1&#8243; admin_label=&#8220;section&#8220; _builder_version=&#8220;4.6.5&#8243; custom_padding=&#8220;|||108px||&#8220; global_colors_info=&#8220;{}&#8220;][et_pb_row column_structure=&#8220;3_5,2_5&#8243; _builder_version=&#8220;4.14.1&#8243; background_size=&#8220;initial&#8220; background_position=&#8220;top_left&#8220; background_repeat=&#8220;repeat&#8220; global_colors_info=&#8220;{}&#8220;][et_pb_column type=&#8220;3_5&#8243; _builder_version=&#8220;3.25&#8243; custom_padding=&#8220;|||&#8220; global_colors_info=&#8220;{}&#8220; custom_padding__hover=&#8220;|||&#8220;][et_pb_blog posts_number=&#8220;4&#8243; show_content=&#8220;on&#8220; _builder_version=&#8220;4.6.5&#8243; global_colors_info=&#8220;{}&#8220;][\/et_pb_blog][et_pb_gallery gallery_ids=&#8220;971,969,967,965,963,961,959,957,955,953,951,949,933,908,901,228,227,239&#8243; fullwidth=&#8220;on&#8220; _builder_version=&#8220;3.6&#8243; caption_all_caps=&#8220;off&#8220; auto=&#8220;on&#8220; auto_speed=&#8220;6000&#8243; use_border_color=&#8220;off&#8220; border_color=&#8220;#ffffff&#8220; border_style=&#8220;solid&#8220; global_colors_info=&#8220;{}&#8220;][\/et_pb_gallery][\/et_pb_column][et_pb_column type=&#8220;2_5&#8243; _builder_version=&#8220;3.25&#8243; custom_padding=&#8220;|||&#8220; global_colors_info=&#8220;{}&#8220; custom_padding__hover=&#8220;|||&#8220;][et_pb_video src=&#8220;https:\/\/www.rabenschule.de\/wp-content\/uploads\/2021\/04\/rundflug_besser.mp4&#8243; _builder_version=&#8220;4.6.5&#8243; _module_preset=&#8220;default&#8220; global_colors_info=&#8220;{}&#8220;][\/et_pb_video][et_pb_text _builder_version=&#8220;4.14.1&#8243; text_font=&#8220;Arial||||||||&#8220; background_color=&#8220;#f7f7f7&#8243; hover_enabled=&#8220;0&#8243; box_shadow_style=&#8220;preset3&#8243; global_colors_info=&#8220;{}&#8220; admin_label=&#8220;Text&#8220; sticky_enabled=&#8220;0&#8243;]<\/p>\n<p><span style=\"color: #003300;\">Herzlich Willkommen auf der Seite der Rabenschule. Sch\u00f6n, dass Sie uns besuchen.<\/span><\/p>\n<p data-mce-fragment=\"1\"><a href=\"https:\/\/www.rabenschule.de\/wp-content\/uploads\/2025\/03\/Screenshot_20250308_135959_Photos2.jpg\" data-mce-fragment=\"1\"><img loading=\"lazy\" decoding=\"async\" class=\"wp-image-3146 size-medium alignright\" src=\"https:\/\/www.rabenschule.de\/wp-content\/uploads\/2025\/03\/Screenshot_20250308_135959_Photos2-208x300.jpg\" alt=\"\" width=\"208\" height=\"300\" data-mce-fragment=\"1\" \/><\/a>\u200b<span style=\"color: #003300;\">Wir sind eine Grundschule mit derzeit 289 Sch\u00fclern und 22 Kollegen. Unsere Schule befindet sich im Taunus. Das Einzugsgebiet der Schule erstreckt sich neben Wallrabenstein bis Beuerbach, Bechtheim, Wallbach, Ketternschwalbach, Limbach, Strinz-Trinitatis bis nach Idstein-Walsdorf.<\/span><\/p>\n<p>Wir sind eine Schule mit Ganztagsangebot bis 16.30 Uhr. Seit\u00a0 Sommer 2022 haben wir uns durch Zuweisung f\u00fcr eine F\u00f6rderschullehrkraft vor Ort entschieden.\u00a0 Ferner werden wir durch eine Sozialp\u00e4dagogin (UBUS) sowie zwei Schulsozialarbeiterinnen unterst\u00fctzt. AB Sommer 2025 wird die Betreuung neu aufgestellt, der F\u00f6rderverein bleibt aber bestehen und wird uns weiter tatkr\u00e4ftig unterst\u00fctzen. .Seit Anfang des Jahres 2025 wird die IGS Wallrabenstein und die Rabenschule durch eine Schulgesundheitsfachkraft unterst\u00fctzt.<\/p>\n<p>Wir haben den Ganztag neu strukturiert und eine Lernzeit integriert. In dieser Lernzeit werden Aufgaben wiederholt, gefestigt, ge\u00fcbt aber auch an den sogenannten &#8222;Soft skills&#8220; gearbeitet. So erlernen die Sch\u00fclerinnen und Sch\u00fcler, wie sie sich strukturieren, organisieren und Projekte planen und umsetzen. Wir haben mittlerweile ein sehr gutes F\u00f6rderkonzept erarbeitet, das auf Grundlage der Verordnungen die Sch\u00fclerinnen und Sch\u00fcler vollumf\u00e4nglich unterst\u00fctzt. Wir haben au\u00dferdem ein sehr gut aufgestelltes multiprofessionelles Team, das w\u00f6chentlich tagt.<\/p>\n<p>Haben Sie Fragen zur Einschulung oder F\u00f6rderung Ihres Kindes? Rufen Sie mich an, ich berate Sie gerne!<\/p>\n<p><span style=\"color: #003300;\">Tanja Sch\u00e4fer<\/span><\/p>\n<p><span style=\"color: #003300;\">Schulleiterin<\/span><\/p>\n<p><span style=\"color: #003300;\">M\u00e4rz 2025<\/span><\/p>\n<p>[\/et_pb_text][et_pb_text admin_label=&#8220;Die Rabenschule&#8220; _builder_version=&#8220;3.27.4&#8243; background_size=&#8220;initial&#8220; background_position=&#8220;top_left&#8220; background_repeat=&#8220;repeat&#8220; use_border_color=&#8220;off&#8220; border_color=&#8220;#ffffff&#8220; border_style=&#8220;solid&#8220; global_colors_info=&#8220;{}&#8220;]Die jetzige Rabenschule ging aus der Grundstufe der IGS Wallrabenstein hervor.<br \/>\nAm 29.08.79 wurden die bis dahin zusammengeh\u00f6renden Schulen getrennt und eine eigenst\u00e4ndige Grundschule entstand.<br \/>\nDies geschah, um eigene p\u00e4dagogische Grunds\u00e4tze umsetzen zu k\u00f6nnen.<br \/>\nDer bisherige Grundstufenleiter Werner Heinze wurde Rektor dieser Grundschule.<br \/>\nDas Kollegium bestand aus 13 Kolleginnen und 4 Kollegen. Sie betreuten 16 Klassen mit insgesamt 416 Kindern.<br \/>\nBereits ab dem 01.11.79 wurden Referendare kontinuierlich ausgebildet.<br \/>\nIhren ersten Namen erhielt die Schule am 18.04.80: <em>Grundschule Wallrabenstein.<br \/>\n<\/em>Volker Otto wurde am 20.02.81 zum Konrektor ernannt.<br \/>\nEines der ersten wichtigen Themen war schon damals die Schulhofsanierung.<br \/>\nDiese fand in Eigenhilfe durch die Eltern und das Kollegium im Juni 1983 statt.<br \/>\n<a href=\"https:\/\/www.rabenschule.de\/?page_id=138\">Weiterlesen&#8230;<\/a><br \/>\n[\/et_pb_text][\/et_pb_column][\/et_pb_row][\/et_pb_section]<\/p>\n","protected":false},"excerpt":{"rendered":"<p>Herzlich Willkommen auf der Seite der Rabenschule. Sch\u00f6n, dass Sie uns besuchen. \u200bWir sind eine Grundschule mit derzeit 289 Sch\u00fclern und 22 Kollegen. Unsere Schule befindet sich im Taunus. Das Einzugsgebiet der Schule erstreckt sich neben Wallrabenstein bis Beuerbach, Bechtheim, Wallbach, Ketternschwalbach, Limbach, Strinz-Trinitatis bis nach Idstein-Walsdorf. Wir sind eine Schule mit Ganztagsangebot bis 16.30 [&hellip;]<\/p>\n","protected":false},"author":1,"featured_media":0,"parent":0,"menu_order":0,"comment_status":"closed","ping_status":"closed","template":"","meta":{"_et_pb_use_builder":"on","_et_pb_old_content":"","_et_gb_content_width":"","footnotes":""},"class_list":["post-1418","page","type-page","status-publish","hentry"],"_links":{"self":[{"href":"https:\/\/www.rabenschule.de\/index.php?rest_route=\/wp\/v2\/pages\/1418","targetHints":{"allow":["GET"]}}],"collection":[{"href":"https:\/\/www.rabenschule.de\/index.php?rest_route=\/wp\/v2\/pages"}],"about":[{"href":"https:\/\/www.rabenschule.de\/index.php?rest_route=\/wp\/v2\/types\/page"}],"author":[{"embeddable":true,"href":"https:\/\/www.rabenschule.de\/index.php?rest_route=\/wp\/v2\/users\/1"}],"replies":[{"embeddable":true,"href":"https:\/\/www.rabenschule.de\/index.php?rest_route=%2Fwp%2Fv2%2Fcomments&post=1418"}],"version-history":[{"count":165,"href":"https:\/\/www.rabenschule.de\/index.php?rest_route=\/wp\/v2\/pages\/1418\/revisions"}],"predecessor-version":[{"id":3147,"href":"https:\/\/www.rabenschule.de\/index.php?rest_route=\/wp\/v2\/pages\/1418\/revisions\/3147"}],"wp:attachment":[{"href":"https:\/\/www.rabenschule.de\/index.php?rest_route=%2Fwp%2Fv2%2Fmedia&parent=1418"}],"curies":[{"name":"wp","href":"https:\/\/api.w.org\/{rel}","templated":true}]}}