{"id":2077,"date":"2020-04-02T17:25:03","date_gmt":"2020-04-02T17:25:03","guid":{"rendered":"http:\/\/www.rabenschule.de\/?page_id=2077"},"modified":"2021-04-12T08:08:06","modified_gmt":"2021-04-12T08:08:06","slug":"datenschutz","status":"publish","type":"page","link":"https:\/\/www.rabenschule.de\/?page_id=2077","title":{"rendered":"Datenschutz"},"content":{"rendered":"<h3>Datenschutzerkl\u00e4rung<\/h3>\n<p>1. Verantwortlicher und Datenschutzbeauftragter<\/p>\n<p>1.1 Verantwortlicher gem. Art. 4 Abs. 7 EU-Datenschutz-Grundverordnung (EU-DSGVO) ist die &#8222;Grundschule Rabenschule&#8220;, Grundschule des Rheingau-Taunus-Kreises; Hessen, vertreten durch die Schulleiterin Tanja Sch\u00e4fer (siehe unser Impressum).<\/p>\n<p>1.2 Unseren Datenschutzbeauftragten erreichen Sie unter unserer Post- oder Mailadresse mit dem Zusatz \u201eder Datenschutzbeauftragte\u201c.<\/p>\n<p>2. Information \u00fcber die Erhebung personenbezogener Daten, Speicherdauer<\/p>\n<p>2.1 Im Folgenden informieren wir \u00fcber die Erhebung personenbezogener Daten bei Nutzung unserer Website. Personenbezogene Daten sind alle Daten, die auf Sie pers\u00f6nlich beziehbar sind, z. B. Name, Adresse, E-Mail-Adressen, Nutzerverhalten.<\/p>\n<p>2.2 Bei Ihrer Kontaktaufnahme mit uns per E-Mail werden die von Ihnen mitgeteilten Daten (Ihre E-Mail-Adresse, ggf. Ihr Name und Ihre Telefonnummer) von uns gespeichert, um Ihre Fragen zu beantworten. Die in diesem Zusammenhang anfallenden Daten l\u00f6schen wir, nachdem die Speicherung nicht mehr erforderlich ist, oder schr\u00e4nken die Verarbeitung ein, falls gesetzliche Aufbewahrungspflichten bestehen.<\/p>\n<p>2.3 Falls wir f\u00fcr einzelne Funktionen unseres Angebots auf beauftragte Dienstleister zur\u00fcckgreifen oder Ihre Daten f\u00fcr werbliche Zwecke nutzen m\u00f6chten, werden wir Sie untenstehend im Detail \u00fcber die jeweiligen Vorg\u00e4nge informieren. Dabei nennen wir auch die festgelegten Kriterien der Speicherdauer.<\/p>\n<p>3. Ihre Rechte<\/p>\n<p>3.1 Sie haben gegen\u00fcber uns folgende Rechte hinsichtlich der Sie betreffenden personenbezogenen Daten:<\/p>\n<p>\u2013 Recht auf Auskunft,<\/p>\n<p>\u2013 Recht auf Berichtigung oder L\u00f6schung,<\/p>\n<p>\u2013 Recht auf Einschr\u00e4nkung der Verarbeitung,<\/p>\n<p>\u2013 Recht auf Widerspruch gegen die Verarbeitung,<\/p>\n<p>\u2013 Recht auf Daten\u00fcbertragbarkeit.<\/p>\n<p>3.2 Sie haben zudem das Recht, sich bei einer Datenschutz-Aufsichtsbeh\u00f6rde \u00fcber die Verarbeitung Ihrer personenbezogenen Daten durch uns zu beschweren. Die Datenschutzaufsichtsbeh\u00f6rde ist \u201eDer Hessische Datenschutzbeauftragte\u201c, Gustav-Stresemann-Ring 1, 65189 Wiesbaden \/ Postfach 31 63, 65021 Wiesbaden<\/p>\n<p>3.4 Werden personenbezogene Daten an ein Drittland oder an eine internationale Organisation \u00fcbermittelt, so haben Sie das Recht, \u00fcber die geeigneten Garantien gem\u00e4\u00df Art. 46 EU-DSGVO im Zusammenhang mit der \u00dcbermittlung unterrichtet zu werden.<\/p>\n<p>4. Erhebung und Zweck personenbezogener Daten bei Besuch unserer Website<\/p>\n<p>4.1 Bei der blo\u00df informatorischen Nutzung der Website, also wenn Sie sich nicht registrieren oder uns anderweitig Informationen \u00fcbermitteln, erheben wir nur die personenbezogenen Daten, die Ihr Browser an unseren Server \u00fcbermittelt. Wenn Sie unsere Website betrachten m\u00f6chten, erheben wir, bzw. der Hosting-Anbieter \u201eStrato\u201c die folgenden Daten, die technisch erforderlich sind, um Ihnen unsere Website anzuzeigen und die Stabilit\u00e4t und Sicherheit zu gew\u00e4hrleisten (Rechtsgrundlage ist Art. 6 Abs. 1 S. 1 lit. f EU-DSGVO):<br \/>\nFolgende Log-Daten werden erfasst:<br \/>\n&#8211; die IP-Adresse des Ger\u00e4tes, mit dem Sie auf die Website oder einen Dienst zugreifen (Speicherung durch Strato f\u00fcr maximal 7 Tage),<br \/>\n&#8211; die Art des Browsers, mit dem Sie zugreifen,<br \/>\n&#8211; die Webseite, die Sie zuvor besucht haben,<br \/>\n&#8211; Ihre Systemkonfiguration<br \/>\n&#8211; sowie Datum und Zeitangaben.<\/p>\n<p>4.2 Cookies<br \/>\nEs werden keine Cookies verwendet.<\/p>\n","protected":false},"excerpt":{"rendered":"<p>Datenschutzerkl\u00e4rung 1. Verantwortlicher und Datenschutzbeauftragter 1.1 Verantwortlicher gem. Art. 4 Abs. 7 EU-Datenschutz-Grundverordnung (EU-DSGVO) ist die &#8222;Grundschule Rabenschule&#8220;, Grundschule des Rheingau-Taunus-Kreises; Hessen, vertreten durch die Schulleiterin Tanja Sch\u00e4fer (siehe unser Impressum). 1.2 Unseren Datenschutzbeauftragten erreichen Sie unter unserer Post- oder Mailadresse mit dem Zusatz \u201eder Datenschutzbeauftragte\u201c. 2. Information \u00fcber die Erhebung personenbezogener Daten, Speicherdauer 2.1 [&hellip;]<\/p>\n","protected":false},"author":1,"featured_media":0,"parent":24,"menu_order":0,"comment_status":"closed","ping_status":"closed","template":"","meta":{"_et_pb_use_builder":"","_et_pb_old_content":"","_et_gb_content_width":"","footnotes":""},"class_list":["post-2077","page","type-page","status-publish","hentry"],"_links":{"self":[{"href":"https:\/\/www.rabenschule.de\/index.php?rest_route=\/wp\/v2\/pages\/2077","targetHints":{"allow":["GET"]}}],"collection":[{"href":"https:\/\/www.rabenschule.de\/index.php?rest_route=\/wp\/v2\/pages"}],"about":[{"href":"https:\/\/www.rabenschule.de\/index.php?rest_route=\/wp\/v2\/types\/page"}],"author":[{"embeddable":true,"href":"https:\/\/www.rabenschule.de\/index.php?rest_route=\/wp\/v2\/users\/1"}],"replies":[{"embeddable":true,"href":"https:\/\/www.rabenschule.de\/index.php?rest_route=%2Fwp%2Fv2%2Fcomments&post=2077"}],"version-history":[{"count":1,"href":"https:\/\/www.rabenschule.de\/index.php?rest_route=\/wp\/v2\/pages\/2077\/revisions"}],"predecessor-version":[{"id":2078,"href":"https:\/\/www.rabenschule.de\/index.php?rest_route=\/wp\/v2\/pages\/2077\/revisions\/2078"}],"up":[{"embeddable":true,"href":"https:\/\/www.rabenschule.de\/index.php?rest_route=\/wp\/v2\/pages\/24"}],"wp:attachment":[{"href":"https:\/\/www.rabenschule.de\/index.php?rest_route=%2Fwp%2Fv2%2Fmedia&parent=2077"}],"curies":[{"name":"wp","href":"https:\/\/api.w.org\/{rel}","templated":true}]}}