{"id":24,"date":"2010-10-07T09:38:40","date_gmt":"2010-10-07T09:38:40","guid":{"rendered":"http:\/\/www.rabenschule.de\/?page_id=24"},"modified":"2021-04-12T08:09:47","modified_gmt":"2021-04-12T08:09:47","slug":"impressum","status":"publish","type":"page","link":"https:\/\/www.rabenschule.de\/?page_id=24","title":{"rendered":"Impressum"},"content":{"rendered":"<h4><strong>Verantwortlich f\u00fcr die Seite:<\/strong><\/h4>\n<p>Tanja Sch\u00e4fer<\/p>\n<p>Auf der Weid<\/p>\n<p>65510 H\u00fcnstetten<\/p>\n<p>Tel: 06126\/6065<\/p>\n<p>Email: poststelle@rabenschule.wallrabenstein.schulverwaltung.hessen.de<\/p>\n<h4><strong>Verantwortlich f\u00fcr den Datenschutz:<\/strong><\/h4>\n<p>Tanja Sch\u00e4fer<\/p>\n<h4><strong>Realisierung und Betreuung der Seite:<\/strong><\/h4>\n<p>Tanja Sch\u00e4fer<\/p>\n<p>Auf der Weid<\/p>\n<p>65510 H\u00fcnstetten<\/p>\n<p>Email: info@rabenschule.de<\/p>\n<p><strong>Hinweis:<\/strong><\/p>\n<p>Wir weisen ausdr\u00fccklich auf die Verpflichtung zur Beachtung der Urheberrechte hin. Es ist nicht gestattet, ohne Absprachen Bildmaterial (Logo, Wappen, Fotos, Grafiken) von den Seiten der Rabenschule zur weiteren Verwendung herunterzuladen. Hiervon ausgenommen sind alle als solche gekennzeichneten Download-Angebote.<\/p>\n<p>Die Rabenschule hat auf verschiedenen Seiten dieser Homepage Links zu anderen Seiten im Internet und \u00fcbernimmt keinerlei Verantwortung von allen verlinkten Seiten. Wir weisen darauf hin, dass die verantwortliche Redaktion bei der erstmaligen Verkn\u00fcpfung mit einem anderen Internetangebot dessen Inhalt daraufhin gepr\u00fcft hat, ob durch ihn eine m\u00f6gliche zivilrechtliche oder strafrechtliche Verantwortlichkeit ausgel\u00f6st wird. Dort nachtr\u00e4glich eingebundene Inhalte k\u00f6nnen jedoch leider nicht \u00fcberpr\u00fcft werden. Sobald wir feststellen oder von anderen darauf hingewiesen werden, dass ein bestimmtes Angebot, zu dem ein Link bereitgestellt wurde, eine zivil- oder strafrechtliche Verantwortlichkeit ausl\u00f6st, werden wir den Verweis auf dieses Angebot unverz\u00fcglich aufheben. Benachrichtigen Sie uns deshalb bitte umgehend, falls Sie \u00fcber unsere Links zu Seiten gelangt sind, deren Inhalte Ihnen bedenklich erscheinen.<\/p>\n<p>&nbsp;<\/p>\n","protected":false},"excerpt":{"rendered":"<p>Verantwortlich f\u00fcr die Seite: Tanja Sch\u00e4fer Auf der Weid 65510 H\u00fcnstetten Tel: 06126\/6065 Email: poststelle@rabenschule.wallrabenstein.schulverwaltung.hessen.de Verantwortlich f\u00fcr den Datenschutz: Tanja Sch\u00e4fer Realisierung und Betreuung der Seite: Tanja Sch\u00e4fer Auf der Weid 65510 H\u00fcnstetten Email: info@rabenschule.de Hinweis: Wir weisen ausdr\u00fccklich auf die Verpflichtung zur Beachtung der Urheberrechte hin. Es ist nicht gestattet, ohne Absprachen Bildmaterial (Logo, [&hellip;]<\/p>\n","protected":false},"author":1,"featured_media":0,"parent":0,"menu_order":8,"comment_status":"closed","ping_status":"closed","template":"","meta":{"_et_pb_use_builder":"","_et_pb_old_content":"","_et_gb_content_width":"","footnotes":""},"class_list":["post-24","page","type-page","status-publish","hentry"],"_links":{"self":[{"href":"https:\/\/www.rabenschule.de\/index.php?rest_route=\/wp\/v2\/pages\/24","targetHints":{"allow":["GET"]}}],"collection":[{"href":"https:\/\/www.rabenschule.de\/index.php?rest_route=\/wp\/v2\/pages"}],"about":[{"href":"https:\/\/www.rabenschule.de\/index.php?rest_route=\/wp\/v2\/types\/page"}],"author":[{"embeddable":true,"href":"https:\/\/www.rabenschule.de\/index.php?rest_route=\/wp\/v2\/users\/1"}],"replies":[{"embeddable":true,"href":"https:\/\/www.rabenschule.de\/index.php?rest_route=%2Fwp%2Fv2%2Fcomments&post=24"}],"version-history":[{"count":13,"href":"https:\/\/www.rabenschule.de\/index.php?rest_route=\/wp\/v2\/pages\/24\/revisions"}],"predecessor-version":[{"id":2875,"href":"https:\/\/www.rabenschule.de\/index.php?rest_route=\/wp\/v2\/pages\/24\/revisions\/2875"}],"wp:attachment":[{"href":"https:\/\/www.rabenschule.de\/index.php?rest_route=%2Fwp%2Fv2%2Fmedia&parent=24"}],"curies":[{"name":"wp","href":"https:\/\/api.w.org\/{rel}","templated":true}]}}