{"id":3149,"date":"2025-03-08T14:07:52","date_gmt":"2025-03-08T13:07:52","guid":{"rendered":"https:\/\/www.rabenschule.de\/?page_id=3149"},"modified":"2026-02-24T11:08:41","modified_gmt":"2026-02-24T10:08:41","slug":"schulanmeldung","status":"publish","type":"page","link":"https:\/\/www.rabenschule.de\/?page_id=3149","title":{"rendered":"Schulanmeldung"},"content":{"rendered":"<p>Hier finden Sie die Unterlagen zur Schulanmeldung:<\/p>\n<p>Anmeldung zur Einschulung oder Neuanmeldung im laufenden Schuljahr:<\/p>\n<p><a href=\"https:\/\/www.rabenschule.de\/wp-content\/uploads\/2026\/02\/Schulanmeldung-S.1S.2.pdf\">Schulanmeldung-S.1+S.2<\/a><\/p>\n<p><a href=\"https:\/\/www.rabenschule.de\/wp-content\/uploads\/2026\/02\/Notfallnummern-bei-Extremsituationen.pdf\">Notfallnummern bei Extremsituationen<\/a><\/p>\n<p><a href=\"https:\/\/www.rabenschule.de\/wp-content\/uploads\/2026\/02\/Notfalldaten.pdf\">Notfalldaten<\/a> <a href=\"https:\/\/www.rabenschule.de\/wp-content\/uploads\/2026\/02\/Masernschutzimpfung-neu.pdf\">Masernschutzimpfung-neu<\/a><\/p>\n<p><a href=\"https:\/\/www.rabenschule.de\/wp-content\/uploads\/2026\/02\/Konfessionserfassungsbogen-blanko.pdf\">Konfessionserfassungsbogen blanko<\/a><\/p>\n<p><a href=\"https:\/\/www.rabenschule.de\/wp-content\/uploads\/2026\/02\/Fotos-Filme-Einverstaendniserklaerung.pdf\">Fotos-Filme-Einverst\u00e4ndniserkl\u00e4rung<\/a><\/p>\n<p><a href=\"https:\/\/www.rabenschule.de\/wp-content\/uploads\/2026\/02\/Einwilligungserklaerung-Religion.pdf\">Einwilligungserkl\u00e4rung Religion<\/a><\/p>\n<p><a href=\"https:\/\/www.rabenschule.de\/wp-content\/uploads\/2026\/02\/Einwillig.erklaerg-Kita-blanko.pdf\">Einwillig.erkl\u00e4rg-Kita-blanko<\/a><\/p>\n<p>Anmeldung Kann-Kind (Antrag auf vorzeitige Einschulung).<\/p>\n<p><a href=\"https:\/\/www.rabenschule.de\/wp-content\/uploads\/2025\/03\/Schulanmeldung-2025-Antrag-auf-vorzeitige-Einschulung-Kannkind.pdf\">Schulanmeldung-2025-Antrag-auf-vorzeitige-Einschulung-Kannkind<\/a><\/p>\n<p>Anmeldung Vorlaufkurs:<\/p>\n<p><a href=\"https:\/\/www.rabenschule.de\/wp-content\/uploads\/2025\/03\/Schulanmeldung-2025-Vorlaufkurs-Anmeldung-S-1-S-2.pdf\">Schulanmeldung-2025-Vorlaufkurs-Anmeldung-S-1-S-2<\/a><\/p>\n","protected":false},"excerpt":{"rendered":"<p>Hier finden Sie die Unterlagen zur Schulanmeldung: Anmeldung zur Einschulung oder Neuanmeldung im laufenden Schuljahr: Schulanmeldung-S.1+S.2 Notfallnummern bei Extremsituationen Notfalldaten Masernschutzimpfung-neu Konfessionserfassungsbogen blanko Fotos-Filme-Einverst\u00e4ndniserkl\u00e4rung Einwilligungserkl\u00e4rung Religion Einwillig.erkl\u00e4rg-Kita-blanko Anmeldung Kann-Kind (Antrag auf vorzeitige Einschulung). Schulanmeldung-2025-Antrag-auf-vorzeitige-Einschulung-Kannkind Anmeldung Vorlaufkurs: Schulanmeldung-2025-Vorlaufkurs-Anmeldung-S-1-S-2<\/p>\n","protected":false},"author":1,"featured_media":0,"parent":0,"menu_order":3,"comment_status":"closed","ping_status":"closed","template":"","meta":{"_et_pb_use_builder":"","_et_pb_old_content":"","_et_gb_content_width":"","footnotes":""},"class_list":["post-3149","page","type-page","status-publish","hentry"],"_links":{"self":[{"href":"https:\/\/www.rabenschule.de\/index.php?rest_route=\/wp\/v2\/pages\/3149","targetHints":{"allow":["GET"]}}],"collection":[{"href":"https:\/\/www.rabenschule.de\/index.php?rest_route=\/wp\/v2\/pages"}],"about":[{"href":"https:\/\/www.rabenschule.de\/index.php?rest_route=\/wp\/v2\/types\/page"}],"author":[{"embeddable":true,"href":"https:\/\/www.rabenschule.de\/index.php?rest_route=\/wp\/v2\/users\/1"}],"replies":[{"embeddable":true,"href":"https:\/\/www.rabenschule.de\/index.php?rest_route=%2Fwp%2Fv2%2Fcomments&post=3149"}],"version-history":[{"count":4,"href":"https:\/\/www.rabenschule.de\/index.php?rest_route=\/wp\/v2\/pages\/3149\/revisions"}],"predecessor-version":[{"id":3189,"href":"https:\/\/www.rabenschule.de\/index.php?rest_route=\/wp\/v2\/pages\/3149\/revisions\/3189"}],"wp:attachment":[{"href":"https:\/\/www.rabenschule.de\/index.php?rest_route=%2Fwp%2Fv2%2Fmedia&parent=3149"}],"curies":[{"name":"wp","href":"https:\/\/api.w.org\/{rel}","templated":true}]}}