{"id":55,"date":"2010-10-07T10:25:09","date_gmt":"2010-10-07T10:25:09","guid":{"rendered":"http:\/\/www.rabenschule.de\/?page_id=55"},"modified":"2025-03-07T12:15:51","modified_gmt":"2025-03-07T11:15:51","slug":"schulleitung","status":"publish","type":"page","link":"https:\/\/www.rabenschule.de\/?page_id=55","title":{"rendered":"Kontakt"},"content":{"rendered":"<p>[et_pb_section fb_built=&#8220;1&#8243; admin_label=&#8220;section&#8220; _builder_version=&#8220;3.22&#8243; global_colors_info=&#8220;{}&#8220;][et_pb_row column_structure=&#8220;2_3,1_3&#8243; admin_label=&#8220;row&#8220; _builder_version=&#8220;3.25&#8243; background_size=&#8220;initial&#8220; background_position=&#8220;top_left&#8220; background_repeat=&#8220;repeat&#8220; global_colors_info=&#8220;{}&#8220;][et_pb_column type=&#8220;2_3&#8243; _builder_version=&#8220;3.25&#8243; custom_padding=&#8220;|||&#8220; global_colors_info=&#8220;{}&#8220; custom_padding__hover=&#8220;|||&#8220;][et_pb_text _builder_version=&#8220;4.14.1&#8243; background_size=&#8220;initial&#8220; background_position=&#8220;top_left&#8220; background_repeat=&#8220;repeat&#8220; hover_enabled=&#8220;0&#8243; use_border_color=&#8220;off&#8220; global_colors_info=&#8220;{}&#8220; sticky_enabled=&#8220;0&#8243;]<\/p>\n<h2 style=\"text-align: center;\"><span style=\"color: #0000ff;\"><strong>Sekretariat<\/strong><\/span><\/h2>\n<p style=\"text-align: center;\"><strong><em>Frau Monika K\u00fcllenberg<\/em><\/strong><\/p>\n<p style=\"text-align: center;\">Auf der Weid<\/p>\n<p style=\"text-align: center;\">65510 H\u00fcnstetten-Wallrabenstein<\/p>\n<p style=\"text-align: center;\"><em>\u00d6ffnungszeiten t\u00e4glich 7.15 Uhr-11.30 Uhr<\/em><\/p>\n<p style=\"text-align: center;\"><em>Tel: 06126\/6065<\/em><\/p>\n<p style=\"text-align: center;\"><em>Fax: 06126\/8709<\/em><\/p>\n<p style=\"text-align: center;\"><em>Email: <\/em><\/p>\n<p style=\"text-align: center;\"><em><a href=\"mailto:Poststelle4256@schule.hessen.de\">Poststelle4256@schule.hessen.de<\/a> oder\u00a0<\/em><\/p>\n<p style=\"text-align: center;\">info@rabenschule.de<\/p>\n<h2 style=\"text-align: center;\">\u00a0<\/h2>\n<h2 style=\"text-align: center;\">\u00a0<\/h2>\n<p>[\/et_pb_text][et_pb_contact_form captcha=&#8220;off&#8220; email=&#8220;info@rabenschule.de&#8220; title=&#8220;Anfragen Schule&#8220; _builder_version=&#8220;4.14.1&#8243; _unique_id=&#8220;f8587d22-ce5f-4728-a3b8-4e9a5c6ce83f&#8220; border_radii=&#8220;on|0px|0px|0px|0px&#8220; use_border_color=&#8220;off&#8220; border_color=&#8220;#ffffff&#8220; border_style=&#8220;solid&#8220; input_border_radius=&#8220;0&#8243; global_colors_info=&#8220;{}&#8220; button_letter_spacing_hover=&#8220;0&#8243;][et_pb_contact_field field_id=&#8220;Name&#8220; field_title=&#8220;Name&#8220; _builder_version=&#8220;3.16&#8243; global_colors_info=&#8220;{}&#8220; button_text_size__hover_enabled=&#8220;off&#8220; button_one_text_size__hover_enabled=&#8220;off&#8220; button_two_text_size__hover_enabled=&#8220;off&#8220; button_text_color__hover_enabled=&#8220;off&#8220; button_one_text_color__hover_enabled=&#8220;off&#8220; button_two_text_color__hover_enabled=&#8220;off&#8220; button_border_width__hover_enabled=&#8220;off&#8220; button_one_border_width__hover_enabled=&#8220;off&#8220; button_two_border_width__hover_enabled=&#8220;off&#8220; button_border_color__hover_enabled=&#8220;off&#8220; button_one_border_color__hover_enabled=&#8220;off&#8220; button_two_border_color__hover_enabled=&#8220;off&#8220; button_border_radius__hover_enabled=&#8220;off&#8220; button_one_border_radius__hover_enabled=&#8220;off&#8220; button_two_border_radius__hover_enabled=&#8220;off&#8220; button_letter_spacing__hover_enabled=&#8220;off&#8220; button_one_letter_spacing__hover_enabled=&#8220;off&#8220; button_two_letter_spacing__hover_enabled=&#8220;off&#8220; button_bg_color__hover_enabled=&#8220;off&#8220; button_one_bg_color__hover_enabled=&#8220;off&#8220; button_two_bg_color__hover_enabled=&#8220;off&#8220;][\/et_pb_contact_field][et_pb_contact_field field_id=&#8220;Email&#8220; field_title=&#8220;E-Mail-Adresse&#8220; field_type=&#8220;email&#8220; _builder_version=&#8220;3.16&#8243; global_colors_info=&#8220;{}&#8220; button_text_size__hover_enabled=&#8220;off&#8220; button_one_text_size__hover_enabled=&#8220;off&#8220; button_two_text_size__hover_enabled=&#8220;off&#8220; button_text_color__hover_enabled=&#8220;off&#8220; button_one_text_color__hover_enabled=&#8220;off&#8220; button_two_text_color__hover_enabled=&#8220;off&#8220; button_border_width__hover_enabled=&#8220;off&#8220; button_one_border_width__hover_enabled=&#8220;off&#8220; button_two_border_width__hover_enabled=&#8220;off&#8220; button_border_color__hover_enabled=&#8220;off&#8220; button_one_border_color__hover_enabled=&#8220;off&#8220; button_two_border_color__hover_enabled=&#8220;off&#8220; button_border_radius__hover_enabled=&#8220;off&#8220; button_one_border_radius__hover_enabled=&#8220;off&#8220; button_two_border_radius__hover_enabled=&#8220;off&#8220; button_letter_spacing__hover_enabled=&#8220;off&#8220; button_one_letter_spacing__hover_enabled=&#8220;off&#8220; button_two_letter_spacing__hover_enabled=&#8220;off&#8220; button_bg_color__hover_enabled=&#8220;off&#8220; button_one_bg_color__hover_enabled=&#8220;off&#8220; button_two_bg_color__hover_enabled=&#8220;off&#8220;][\/et_pb_contact_field][et_pb_contact_field field_id=&#8220;Message&#8220; field_title=&#8220;Nachricht&#8220; field_type=&#8220;text&#8220; _builder_version=&#8220;3.16&#8243; global_colors_info=&#8220;{}&#8220; button_text_size__hover_enabled=&#8220;off&#8220; button_one_text_size__hover_enabled=&#8220;off&#8220; button_two_text_size__hover_enabled=&#8220;off&#8220; button_text_color__hover_enabled=&#8220;off&#8220; button_one_text_color__hover_enabled=&#8220;off&#8220; button_two_text_color__hover_enabled=&#8220;off&#8220; button_border_width__hover_enabled=&#8220;off&#8220; button_one_border_width__hover_enabled=&#8220;off&#8220; button_two_border_width__hover_enabled=&#8220;off&#8220; button_border_color__hover_enabled=&#8220;off&#8220; button_one_border_color__hover_enabled=&#8220;off&#8220; button_two_border_color__hover_enabled=&#8220;off&#8220; button_border_radius__hover_enabled=&#8220;off&#8220; button_one_border_radius__hover_enabled=&#8220;off&#8220; button_two_border_radius__hover_enabled=&#8220;off&#8220; button_letter_spacing__hover_enabled=&#8220;off&#8220; button_one_letter_spacing__hover_enabled=&#8220;off&#8220; button_two_letter_spacing__hover_enabled=&#8220;off&#8220; button_bg_color__hover_enabled=&#8220;off&#8220; button_one_bg_color__hover_enabled=&#8220;off&#8220; button_two_bg_color__hover_enabled=&#8220;off&#8220;][\/et_pb_contact_field][\/et_pb_contact_form][\/et_pb_column][et_pb_column type=&#8220;1_3&#8243; _builder_version=&#8220;3.25&#8243; custom_padding=&#8220;|||&#8220; global_colors_info=&#8220;{}&#8220; custom_padding__hover=&#8220;|||&#8220;][et_pb_image src=&#8220;https:\/\/www.rabenschule.de\/wp-content\/uploads\/2010\/10\/Fotolia_86745933_S.jpg&#8220; title_text=&#8220;stolzes M\u00e4dchen zeigt im Klassenzimmer ihre Schulsachen&#8220; align_tablet=&#8220;center&#8220; align_phone=&#8220;&#8220; align_last_edited=&#8220;on|desktop&#8220; _builder_version=&#8220;4.6.5&#8243; animation_style=&#8220;slide&#8220; animation_direction=&#8220;left&#8220; animation_duration=&#8220;500ms&#8220; animation_intensity_slide=&#8220;10%&#8220; use_border_color=&#8220;off&#8220; border_color=&#8220;#ffffff&#8220; border_style=&#8220;solid&#8220; animation=&#8220;left&#8220; sticky=&#8220;off&#8220; always_center_on_mobile=&#8220;on&#8220; global_colors_info=&#8220;{}&#8220;][\/et_pb_image][\/et_pb_column][\/et_pb_row][\/et_pb_section]<\/p>\n","protected":false},"excerpt":{"rendered":"<p>Sekretariat Frau Monika K\u00fcllenberg Auf der Weid 65510 H\u00fcnstetten-Wallrabenstein \u00d6ffnungszeiten t\u00e4glich 7.15 Uhr-11.30 Uhr Tel: 06126\/6065 Fax: 06126\/8709 Email: Poststelle4256@schule.hessen.de oder\u00a0 info@rabenschule.de \u00a0 \u00a0<\/p>\n","protected":false},"author":1,"featured_media":0,"parent":0,"menu_order":6,"comment_status":"closed","ping_status":"closed","template":"","meta":{"_et_pb_use_builder":"on","_et_pb_old_content":"<h2 style=\"text-align: center;\"><a href=\"https:\/\/www.rabenschule.de\/wp-content\/uploads\/2010\/10\/DSC_0024_lzn.jpg\"><img class=\"aligncenter size-medium wp-image-224\" title=\"DSC_0024_lzn\" src=\"https:\/\/www.rabenschule.de\/wp-content\/uploads\/2010\/10\/DSC_0024_lzn-300x205.jpg\" alt=\"\" width=\"300\" height=\"205\" \/><\/a><br \/> <strong>Sekretariat<\/strong><\/h2><p style=\"text-align: center;\"><em>Irmtraud Honrath<\/em><\/p><p style=\"text-align: center;\"><em>\u00d6ffnungszeiten t\u00e4glich 8-13 Uhr<\/em><\/p><p style=\"text-align: center;\"><em>Tel: 06126\/6065<\/em><\/p><p style=\"text-align: center;\"><em>Fax: 06126\/8709<\/em><\/p><p style=\"text-align: center;\"><em>Email: <a href=\"mailto:poststelle@rabenschule.wallrabenstein.schulverwaltung.hessen.de\">poststelle@rabenschule.wallrabenstein.schulverwaltung.hessen.de<\/a><\/em><\/p><h2 style=\"text-align: center;\"><strong>Schulleiterin<\/strong><\/h2><p style=\"text-align: center;\"><em>Tanja Sch\u00e4fer<\/em><\/p><p style=\"text-align: center;\"><em><br \/> <\/em><\/p><h2 style=\"text-align: center;\"><strong>Stellvertretende Schulleiter\/in<\/strong><\/h2><p style=\"text-align: center;\"><em>N.N.<\/em><\/p><p style=\"text-align: center;\"><em><br \/> <\/em><\/p><h2 style=\"text-align: center;\"><strong>Hausmeister<\/strong><\/h2><p style=\"text-align: center;\"><em>Claudio Pagano<\/em><\/p>","_et_gb_content_width":"","footnotes":""},"class_list":["post-55","page","type-page","status-publish","hentry"],"_links":{"self":[{"href":"https:\/\/www.rabenschule.de\/index.php?rest_route=\/wp\/v2\/pages\/55","targetHints":{"allow":["GET"]}}],"collection":[{"href":"https:\/\/www.rabenschule.de\/index.php?rest_route=\/wp\/v2\/pages"}],"about":[{"href":"https:\/\/www.rabenschule.de\/index.php?rest_route=\/wp\/v2\/types\/page"}],"author":[{"embeddable":true,"href":"https:\/\/www.rabenschule.de\/index.php?rest_route=\/wp\/v2\/users\/1"}],"replies":[{"embeddable":true,"href":"https:\/\/www.rabenschule.de\/index.php?rest_route=%2Fwp%2Fv2%2Fcomments&post=55"}],"version-history":[{"count":33,"href":"https:\/\/www.rabenschule.de\/index.php?rest_route=\/wp\/v2\/pages\/55\/revisions"}],"predecessor-version":[{"id":3141,"href":"https:\/\/www.rabenschule.de\/index.php?rest_route=\/wp\/v2\/pages\/55\/revisions\/3141"}],"wp:attachment":[{"href":"https:\/\/www.rabenschule.de\/index.php?rest_route=%2Fwp%2Fv2%2Fmedia&parent=55"}],"curies":[{"name":"wp","href":"https:\/\/api.w.org\/{rel}","templated":true}]}}