{"id":57,"date":"2010-10-07T10:26:38","date_gmt":"2010-10-07T10:26:38","guid":{"rendered":"http:\/\/www.rabenschule.de\/?page_id=57"},"modified":"2016-06-27T20:22:15","modified_gmt":"2016-06-27T20:22:15","slug":"schulordnung","status":"publish","type":"page","link":"https:\/\/www.rabenschule.de\/?page_id=57","title":{"rendered":"Schulordnung"},"content":{"rendered":"<p>[et_pb_section admin_label=&#8220;section&#8220;][et_pb_row admin_label=&#8220;row&#8220;][et_pb_column type=&#8220;1_4&#8243;][et_pb_image admin_label=&#8220;Bild&#8220; src=&#8220;https:\/\/www.rabenschule.de\/wp-content\/uploads\/2010\/10\/PA060431.jpg&#8220; show_in_lightbox=&#8220;off&#8220; url_new_window=&#8220;off&#8220; use_overlay=&#8220;off&#8220; animation=&#8220;left&#8220; sticky=&#8220;off&#8220; align=&#8220;left&#8220; force_fullwidth=&#8220;off&#8220; always_center_on_mobile=&#8220;on&#8220; use_border_color=&#8220;off&#8220; border_color=&#8220;#ffffff&#8220; border_style=&#8220;solid&#8220;] [\/et_pb_image][et_pb_image admin_label=&#8220;Bild&#8220; src=&#8220;https:\/\/www.rabenschule.de\/wp-content\/uploads\/2010\/10\/Fotolia_86745933_S.jpg&#8220; show_in_lightbox=&#8220;off&#8220; url_new_window=&#8220;off&#8220; use_overlay=&#8220;off&#8220; animation=&#8220;left&#8220; sticky=&#8220;off&#8220; align=&#8220;left&#8220; force_fullwidth=&#8220;off&#8220; always_center_on_mobile=&#8220;on&#8220; use_border_color=&#8220;off&#8220; border_color=&#8220;#ffffff&#8220; border_style=&#8220;solid&#8220;] [\/et_pb_image][et_pb_image admin_label=&#8220;Bild&#8220; src=&#8220;https:\/\/www.rabenschule.de\/wp-content\/uploads\/2010\/10\/PA060431.jpg&#8220; show_in_lightbox=&#8220;off&#8220; url_new_window=&#8220;off&#8220; use_overlay=&#8220;off&#8220; animation=&#8220;left&#8220; sticky=&#8220;off&#8220; align=&#8220;left&#8220; force_fullwidth=&#8220;off&#8220; always_center_on_mobile=&#8220;on&#8220; use_border_color=&#8220;off&#8220; border_color=&#8220;#ffffff&#8220; border_style=&#8220;solid&#8220;] [\/et_pb_image][et_pb_image admin_label=&#8220;Bild&#8220; src=&#8220;https:\/\/www.rabenschule.de\/wp-content\/uploads\/2010\/10\/Fotolia_86745933_S.jpg&#8220; show_in_lightbox=&#8220;off&#8220; url_new_window=&#8220;off&#8220; use_overlay=&#8220;off&#8220; animation=&#8220;left&#8220; sticky=&#8220;off&#8220; align=&#8220;left&#8220; force_fullwidth=&#8220;off&#8220; always_center_on_mobile=&#8220;on&#8220; use_border_color=&#8220;off&#8220; border_color=&#8220;#ffffff&#8220; border_style=&#8220;solid&#8220;] [\/et_pb_image][et_pb_image admin_label=&#8220;Bild&#8220; src=&#8220;https:\/\/www.rabenschule.de\/wp-content\/uploads\/2010\/10\/PA060431.jpg&#8220; show_in_lightbox=&#8220;off&#8220; url_new_window=&#8220;off&#8220; use_overlay=&#8220;off&#8220; animation=&#8220;left&#8220; sticky=&#8220;off&#8220; align=&#8220;left&#8220; force_fullwidth=&#8220;off&#8220; always_center_on_mobile=&#8220;on&#8220; use_border_color=&#8220;off&#8220; border_color=&#8220;#ffffff&#8220; border_style=&#8220;solid&#8220;] [\/et_pb_image][\/et_pb_column][et_pb_column type=&#8220;1_2&#8243;][et_pb_text admin_label=&#8220;Text&#8220; background_layout=&#8220;light&#8220; text_orientation=&#8220;left&#8220; use_border_color=&#8220;off&#8220; border_color=&#8220;#ffffff&#8220; border_style=&#8220;solid&#8220;]<\/p>\n<h3 style=\"text-align: center;\">Bei uns soll sich jeder wohl f\u00fchlen und besch\u00fctzt sein.<\/h3>\n<h3 style=\"text-align: center;\">Wir wollen miteinander lernen, reden, spielen und lachen.<\/h3>\n<h3 style=\"text-align: center;\">Wir wollen freundlich, h\u00f6flich und r\u00fccksichtsvoll miteinander umgehen.<\/h3>\n<p style=\"text-align: center;\"><strong><br \/>\n<\/strong><\/p>\n<p style=\"padding-left: 120px; text-align: left;\"><strong>1<\/strong>. Wir wollen in Ruhe den Unterricht beginnen.<br \/>\nWir treffen uns am Anstellplatz.<br \/>\nMit unserer Lehrerin oder unserem Lehrer gehen wir<br \/>\ngemeinsam und ruhig in den Klassenraum.<\/p>\n<p style=\"padding-left: 120px; text-align: left;\"><strong>2.<\/strong> Wir rennen nicht im Schulgeb\u00e4ude.<\/p>\n<p style=\"padding-left: 120px; text-align: left;\"><strong>3.<\/strong> Jeder von uns m\u00f6chte, dass er selbst und seine Sachen<br \/>\nr\u00fccksichtsvoll behandelt werden.<br \/>\nDas bedeutet, dass ich<br \/>\n&#8211; andere nicht angreife oder beleidige<br \/>\n&#8211; andere nicht bedrohe<br \/>\n&#8211; andere auf der Toilette in Ruhe lasse<br \/>\n&#8211; Schulsachen von anderen nicht wegnehme oder kaputt mache<br \/>\n&#8211; Jacken an den Haken h\u00e4nge<br \/>\n&#8211; Schuhe ordentlich abstelle<br \/>\n&#8211; im Winter keine Schneeb\u00e4lle werfe und nicht rutsche<br \/>\n&#8211; alle Spielger\u00e4te in der Klasse lasse, wenn der Schulhof nass ist<br \/>\n&#8211; nur auf den vorgesehenen Ballspielpl\u00e4tzen ausschlie\u00dflich mit Softb\u00e4llen spiele.<\/p>\n<p style=\"padding-left: 120px; text-align: left;\"><strong>4.<\/strong> Was uns gemeinsam geh\u00f6rt, wollen wir nicht schmutzig oder<br \/>\nkaputt machen.<br \/>\nDas bedeutet, dass ich<br \/>\n&#8211; Tische, St\u00fchle, Schr\u00e4nke und Regal, T\u00fcren und W\u00e4nde<br \/>\nnicht besch\u00e4dige<br \/>\n&#8211; B\u00e4ume und Str\u00e4ucher nicht verletze<br \/>\n&#8211; Abfall in den richtigen M\u00fclleimer werfe: Papier in den blauen,<br \/>\nRestm\u00fcll in den roten und Verpackungsmaterial in den gelben Eimer.<\/p>\n<p style=\"padding-left: 120px; text-align: left;\"><strong>5.<\/strong> Auf der Toilette verhalte ich mich so, dass die Toilette auch von<br \/>\nanderen jederzeit ohne Probleme zu benutzen ist.<br \/>\nDas bedeutet, dass ich<br \/>\n&#8211; Toilettenpapier so benutze, wie ich es auch zu Hause tue<br \/>\n&#8211; die Toilettensp\u00fclung dr\u00fccke<br \/>\n&#8211; meine H\u00e4nde mit Seife wasche und abtrockne.<\/p>\n<p style=\"padding-left: 120px; text-align: left;\"><strong>6.<\/strong> Manche Schulhofbereiche k\u00f6nnen bei schlechtem Wetter nicht genutzt<br \/>\nwerden und sind daher abgesperrt, um das Schulgeb\u00e4ude sauber zu halten.<\/p>\n<p style=\"padding-left: 120px; text-align: left;\"><strong>7.<\/strong> Wenn wir einen Streit nicht mehr allein l\u00f6sen k\u00f6nnen, holen wir eine<br \/>\nLehrerin oder einen Lehrer, um uns helfen zu lassen.<\/p>\n<p style=\"padding-left: 120px; text-align: left;\"><strong>8.<\/strong> Kinder, die sich nicht an unsere Regeln halten, m\u00fcssen mit ihrer Klassen-<br \/>\nlehrerin oder ihrem Klassenlehrer dar\u00fcber sprechen, sich entschuldigen und einen angerichteten Schaden wieder gut machen.<\/p>\n<p style=\"padding-left: 120px; text-align: left;\"><strong>9.<\/strong> Verletzt jemand mit Absicht oder immer wieder unsere Regeln, so wird<br \/>\ner bestraft.<\/p>\n<p>[\/et_pb_text][\/et_pb_column][et_pb_column type=&#8220;1_4&#8243;][et_pb_image admin_label=&#8220;Bild&#8220; src=&#8220;https:\/\/www.rabenschule.de\/wp-content\/uploads\/2010\/10\/PA060431.jpg&#8220; show_in_lightbox=&#8220;off&#8220; url_new_window=&#8220;off&#8220; use_overlay=&#8220;off&#8220; animation=&#8220;left&#8220; sticky=&#8220;off&#8220; align=&#8220;left&#8220; force_fullwidth=&#8220;off&#8220; always_center_on_mobile=&#8220;on&#8220; use_border_color=&#8220;off&#8220; border_color=&#8220;#ffffff&#8220; border_style=&#8220;solid&#8220;] [\/et_pb_image][et_pb_image admin_label=&#8220;Bild&#8220; src=&#8220;https:\/\/www.rabenschule.de\/wp-content\/uploads\/2010\/10\/Fotolia_86745933_S.jpg&#8220; show_in_lightbox=&#8220;off&#8220; url_new_window=&#8220;off&#8220; use_overlay=&#8220;off&#8220; animation=&#8220;left&#8220; sticky=&#8220;off&#8220; align=&#8220;left&#8220; force_fullwidth=&#8220;off&#8220; always_center_on_mobile=&#8220;on&#8220; use_border_color=&#8220;off&#8220; border_color=&#8220;#ffffff&#8220; border_style=&#8220;solid&#8220;] [\/et_pb_image][et_pb_image admin_label=&#8220;Bild&#8220; src=&#8220;https:\/\/www.rabenschule.de\/wp-content\/uploads\/2010\/10\/PA060431.jpg&#8220; show_in_lightbox=&#8220;off&#8220; url_new_window=&#8220;off&#8220; use_overlay=&#8220;off&#8220; animation=&#8220;left&#8220; sticky=&#8220;off&#8220; align=&#8220;left&#8220; force_fullwidth=&#8220;off&#8220; always_center_on_mobile=&#8220;on&#8220; use_border_color=&#8220;off&#8220; border_color=&#8220;#ffffff&#8220; border_style=&#8220;solid&#8220;] [\/et_pb_image][et_pb_image admin_label=&#8220;Bild&#8220; src=&#8220;https:\/\/www.rabenschule.de\/wp-content\/uploads\/2010\/10\/Fotolia_86745933_S.jpg&#8220; show_in_lightbox=&#8220;off&#8220; url_new_window=&#8220;off&#8220; use_overlay=&#8220;off&#8220; animation=&#8220;left&#8220; sticky=&#8220;off&#8220; align=&#8220;left&#8220; force_fullwidth=&#8220;off&#8220; always_center_on_mobile=&#8220;on&#8220; use_border_color=&#8220;off&#8220; border_color=&#8220;#ffffff&#8220; border_style=&#8220;solid&#8220;] [\/et_pb_image][et_pb_image admin_label=&#8220;Bild&#8220; src=&#8220;https:\/\/www.rabenschule.de\/wp-content\/uploads\/2010\/10\/PA060431.jpg&#8220; show_in_lightbox=&#8220;off&#8220; url_new_window=&#8220;off&#8220; use_overlay=&#8220;off&#8220; animation=&#8220;left&#8220; sticky=&#8220;off&#8220; align=&#8220;left&#8220; force_fullwidth=&#8220;off&#8220; always_center_on_mobile=&#8220;on&#8220; use_border_color=&#8220;off&#8220; border_color=&#8220;#ffffff&#8220; border_style=&#8220;solid&#8220;] [\/et_pb_image][\/et_pb_column][\/et_pb_row][\/et_pb_section]<\/p>\n","protected":false},"excerpt":{"rendered":"<p>Bei uns soll sich jeder wohl f\u00fchlen und besch\u00fctzt sein. Wir wollen miteinander lernen, reden, spielen und lachen. Wir wollen freundlich, h\u00f6flich und r\u00fccksichtsvoll miteinander umgehen. 1. Wir wollen in Ruhe den Unterricht beginnen. Wir treffen uns am Anstellplatz. Mit unserer Lehrerin oder unserem Lehrer gehen wir gemeinsam und ruhig in den Klassenraum. 2. Wir [&hellip;]<\/p>\n","protected":false},"author":1,"featured_media":0,"parent":8,"menu_order":4,"comment_status":"closed","ping_status":"closed","template":"","meta":{"_et_pb_use_builder":"on","_et_pb_old_content":"<p>\u00a0<\/p><h3><strong><a href=\"https:\/\/www.rabenschule.de\/wp-content\/uploads\/2010\/10\/PA060431.jpg\"><img class=\"alignright size-thumbnail wp-image-163\" title=\"PA060431\" src=\"https:\/\/www.rabenschule.de\/wp-content\/uploads\/2010\/10\/PA060431-150x150.jpg\" alt=\"\" width=\"150\" height=\"150\" \/><\/a><img class=\"alignleft size-thumbnail wp-image-163\" title=\"PA060431\" src=\"https:\/\/www.rabenschule.de\/wp-content\/uploads\/2010\/10\/PA060431-150x150.jpg\" alt=\"\" width=\"150\" height=\"150\" \/><br \/> <\/strong><\/h3><h3 style=\"text-align: center;\"><strong>Bei uns soll sich jeder wohl f\u00fchlen und besch\u00fctzt sein.<\/strong><\/h3><h3 style=\"text-align: center;\"><strong>Wir wollen miteinander lernen, reden, spielen und lachen.<\/strong><\/h3><h3 style=\"text-align: center;\"><strong>Wir wollen freundlich, h\u00f6flich und r\u00fccksichtsvoll miteinander umgehen.<\/strong><\/h3><p style=\"text-align: center;\"><strong><br \/> <\/strong><\/p><p style=\"text-align: center; padding-left: 120px;\"><strong>1<\/strong>. Wir wollen in Ruhe den Unterricht beginnen.<br \/> Wir treffen uns am Anstellplatz.<br \/> Mit unserer Lehrerin oder unserem Lehrer gehen wir<br \/> gemeinsam und ruhig in den Klassenraum.<\/p><p style=\"text-align: center; padding-left: 120px;\"><strong>2.<\/strong> Wir rennen nicht im Schulgeb\u00e4ude.<\/p><p style=\"text-align: center; padding-left: 120px;\"><strong>3.<\/strong> Jeder von uns m\u00f6chte, dass er selbst und seine Sachen<br \/> r\u00fccksichtsvoll behandelt werden.<br \/> Das bedeutet, dass ich<br \/> - andere nicht angreife oder beleidige<br \/> - andere nicht bedrohe<br \/> - andere auf der Toilette in Ruhe lasse<br \/> - Schulsachen von anderen nicht wegnehme oder kaputt mache<br \/> - Jacken an den Haken h\u00e4nge<br \/> - Schuhe ordentlich abstelle<br \/> - im Winter keine Schneeb\u00e4lle werfe und nicht rutsche<br \/> - alle Spielger\u00e4te in der Klasse lasse, wenn der Schulhof nass ist<br \/> - nur auf den vorgesehenen Ballspielpl\u00e4tzen ausschlie\u00dflich mit Softb\u00e4llen spiele.<\/p><p style=\"text-align: center; padding-left: 120px;\"><strong>4.<\/strong> Was uns gemeinsam geh\u00f6rt, wollen wir nicht schmutzig oder<br \/> kaputt machen.<br \/> Das bedeutet, dass ich<br \/> - Tische, St\u00fchle, Schr\u00e4nke und Regal, T\u00fcren und W\u00e4nde<br \/> nicht besch\u00e4dige<br \/> - B\u00e4ume und Str\u00e4ucher nicht verletze<br \/> - Abfall in den richtigen M\u00fclleimer werfe: Papier in den blauen,<br \/> Restm\u00fcll in den roten und Verpackungsmaterial in den gelben Eimer.<\/p><p style=\"text-align: center; padding-left: 120px;\"><strong>5.<\/strong> Auf der Toilette verhalte ich mich so, dass die Toilette auch von<br \/> anderen jederzeit ohne Probleme zu benutzen ist.<br \/> Das bedeutet, dass ich<br \/> - Toilettenpapier so benutze, wie ich es auch zu Hause tue<br \/> - die Toilettensp\u00fclung dr\u00fccke<br \/> - meine H\u00e4nde mit Seife wasche und abtrockne.<\/p><p style=\"text-align: center; padding-left: 120px;\"><strong>6.<\/strong> Manche Schulhofbereiche k\u00f6nnen bei schlechtem Wetter nicht genutzt<br \/> werden und sind daher abgesperrt, um das Schulgeb\u00e4ude sauber zu halten.<\/p><p style=\"text-align: center; padding-left: 120px;\"><strong>7.<\/strong> Wenn wir einen Streit nicht mehr allein l\u00f6sen k\u00f6nnen, holen wir eine<br \/> Lehrerin oder einen Lehrer, um uns helfen zu lassen.<\/p><p style=\"text-align: center; padding-left: 120px;\"><strong>8.<\/strong> Kinder, die sich nicht an unsere Regeln halten, m\u00fcssen mit ihrer Klassen-<br \/> lehrerin oder ihrem Klassenlehrer dar\u00fcber sprechen, sich entschuldigen und einen angerichteten Schaden wieder gut machen.<\/p><p style=\"text-align: center; padding-left: 120px;\"><strong>9.<\/strong> Verletzt jemand mit Absicht oder immer wieder unsere Regeln, so wird<br \/> er bestraft.<\/p>","_et_gb_content_width":"","footnotes":""},"class_list":["post-57","page","type-page","status-publish","hentry"],"_links":{"self":[{"href":"https:\/\/www.rabenschule.de\/index.php?rest_route=\/wp\/v2\/pages\/57","targetHints":{"allow":["GET"]}}],"collection":[{"href":"https:\/\/www.rabenschule.de\/index.php?rest_route=\/wp\/v2\/pages"}],"about":[{"href":"https:\/\/www.rabenschule.de\/index.php?rest_route=\/wp\/v2\/types\/page"}],"author":[{"embeddable":true,"href":"https:\/\/www.rabenschule.de\/index.php?rest_route=\/wp\/v2\/users\/1"}],"replies":[{"embeddable":true,"href":"https:\/\/www.rabenschule.de\/index.php?rest_route=%2Fwp%2Fv2%2Fcomments&post=57"}],"version-history":[{"count":16,"href":"https:\/\/www.rabenschule.de\/index.php?rest_route=\/wp\/v2\/pages\/57\/revisions"}],"predecessor-version":[{"id":1516,"href":"https:\/\/www.rabenschule.de\/index.php?rest_route=\/wp\/v2\/pages\/57\/revisions\/1516"}],"up":[{"embeddable":true,"href":"https:\/\/www.rabenschule.de\/index.php?rest_route=\/wp\/v2\/pages\/8"}],"wp:attachment":[{"href":"https:\/\/www.rabenschule.de\/index.php?rest_route=%2Fwp%2Fv2%2Fmedia&parent=57"}],"curies":[{"name":"wp","href":"https:\/\/api.w.org\/{rel}","templated":true}]}}